{"id":741,"date":"2021-04-22T06:50:21","date_gmt":"2021-04-22T06:50:21","guid":{"rendered":"https:\/\/laines-aux-bois.fr\/?page_id=741"},"modified":"2023-03-18T09:40:36","modified_gmt":"2023-03-18T09:40:36","slug":"la-boule-de-laines-2","status":"publish","type":"page","link":"https:\/\/laines-aux-bois.fr\/?page_id=741","title":{"rendered":"La Boule de Laines"},"content":{"rendered":"<p>[et_pb_section fb_built=\u00a0\u00bb1&Prime; custom_padding_last_edited=\u00a0\u00bbon|phone\u00a0\u00bb _builder_version=\u00a0\u00bb4.9.2&Prime; _module_preset=\u00a0\u00bbdefault\u00a0\u00bb custom_padding=\u00a0\u00bb2px||2px|||\u00a0\u00bb custom_padding_tablet=\u00a0\u00bb\u00a0\u00bb custom_padding_phone=\u00a0\u00bb||0px||false|false\u00a0\u00bb global_colors_info=\u00a0\u00bb{}\u00a0\u00bb][et_pb_row _builder_version=\u00a0\u00bb4.9.2&Prime; _module_preset=\u00a0\u00bbdefault\u00a0\u00bb background_color=\u00a0\u00bb#29176D\u00a0\u00bb max_width=\u00a0\u00bb1920px\u00a0\u00bb module_alignment=\u00a0\u00bbcenter\u00a0\u00bb custom_padding=\u00a0\u00bb8px||3px|||\u00a0\u00bb global_colors_info=\u00a0\u00bb{}\u00a0\u00bb][et_pb_column type=\u00a0\u00bb4_4&Prime; _builder_version=\u00a0\u00bb4.9.2&Prime; _module_preset=\u00a0\u00bbdefault\u00a0\u00bb global_colors_info=\u00a0\u00bb{}\u00a0\u00bb][et_pb_text _builder_version=\u00a0\u00bb4.9.4&Prime; _module_preset=\u00a0\u00bbdefault\u00a0\u00bb header_font=\u00a0\u00bbRoboto||||||||\u00a0\u00bb header_text_align=\u00a0\u00bbcenter\u00a0\u00bb header_text_color=\u00a0\u00bb#FFFFFF\u00a0\u00bb header_letter_spacing=\u00a0\u00bb1px\u00a0\u00bb custom_margin=\u00a0\u00bb5px|||||\u00a0\u00bb global_colors_info=\u00a0\u00bb{}\u00a0\u00bb]<\/p>\n<h1 style=\"text-align: center;\">La Boule de Laines<\/h1>\n<p>[\/et_pb_text][\/et_pb_column][\/et_pb_row][\/et_pb_section][et_pb_section fb_built=\u00a0\u00bb1&Prime; _builder_version=\u00a0\u00bb4.9.2&Prime; _module_preset=\u00a0\u00bbdefault\u00a0\u00bb min_height=\u00a0\u00bb618px\u00a0\u00bb custom_padding=\u00a0\u00bb19px||0px|||\u00a0\u00bb global_colors_info=\u00a0\u00bb{}\u00a0\u00bb][et_pb_row _builder_version=\u00a0\u00bb4.9.2&Prime; _module_preset=\u00a0\u00bbdefault\u00a0\u00bb min_height=\u00a0\u00bb137.4px\u00a0\u00bb custom_padding=\u00a0\u00bb||3px|||\u00a0\u00bb global_colors_info=\u00a0\u00bb{}\u00a0\u00bb][et_pb_column type=\u00a0\u00bb4_4&Prime; _builder_version=\u00a0\u00bb4.9.2&Prime; _module_preset=\u00a0\u00bbdefault\u00a0\u00bb global_colors_info=\u00a0\u00bb{}\u00a0\u00bb][et_pb_image src=\u00a0\u00bbhttps:\/\/laines-aux-bois.fr\/wp-content\/uploads\/2021\/04\/boule-de-laine-2.jpg\u00a0\u00bb title_text=\u00a0\u00bbboule-de-laine-2&Prime; show_in_lightbox=\u00a0\u00bbon\u00a0\u00bb _builder_version=\u00a0\u00bb4.9.4&Prime; _module_preset=\u00a0\u00bbdefault\u00a0\u00bb max_width=\u00a0\u00bb50%\u00a0\u00bb module_alignment=\u00a0\u00bbcenter\u00a0\u00bb custom_margin_tablet=\u00a0\u00bb-28px||-28px||true|false\u00a0\u00bb custom_margin_phone=\u00a0\u00bb-24px||-24px||true|false\u00a0\u00bb custom_margin_last_edited=\u00a0\u00bbon|desktop\u00a0\u00bb custom_padding=\u00a0\u00bb|0px||0px|false|true\u00a0\u00bb custom_padding_tablet=\u00a0\u00bb\u00a0\u00bb custom_padding_phone=\u00a0\u00bb0px|0px|0px|0px|true|true\u00a0\u00bb custom_padding_last_edited=\u00a0\u00bbon|desktop\u00a0\u00bb module_alignment_tablet=\u00a0\u00bb\u00a0\u00bb module_alignment_phone=\u00a0\u00bb\u00a0\u00bb module_alignment_last_edited=\u00a0\u00bbon|phone\u00a0\u00bb global_colors_info=\u00a0\u00bb{}\u00a0\u00bb][\/et_pb_image][\/et_pb_column][\/et_pb_row][et_pb_row _builder_version=\u00a0\u00bb4.14.8&Prime; _module_preset=\u00a0\u00bbdefault\u00a0\u00bb][et_pb_column _builder_version=\u00a0\u00bb4.14.8&Prime; _module_preset=\u00a0\u00bbdefault\u00a0\u00bb type=\u00a0\u00bb4_4&Prime;][et_pb_image src=\u00a0\u00bbhttps:\/\/laines-aux-bois.fr\/wp-content\/uploads\/2023\/03\/35283650_182324082608635_5254813188674813952_n.jpg\u00a0\u00bb _builder_version=\u00a0\u00bb4.14.8&Prime; _module_preset=\u00a0\u00bbdefault\u00a0\u00bb hover_enabled=\u00a0\u00bb0&Prime; sticky_enabled=\u00a0\u00bb0&Prime; title_text=\u00a0\u00bb35283650_182324082608635_5254813188674813952_n\u00a0\u00bb width=\u00a0\u00bb19%\u00a0\u00bb max_width=\u00a0\u00bb31%\u00a0\u00bb module_alignment=\u00a0\u00bbcenter\u00a0\u00bb][\/et_pb_image][\/et_pb_column][\/et_pb_row][et_pb_row _builder_version=\u00a0\u00bb4.9.2&Prime; _module_preset=\u00a0\u00bbdefault\u00a0\u00bb min_height=\u00a0\u00bb26.2px\u00a0\u00bb custom_margin=\u00a0\u00bb|auto|-4px|auto||\u00a0\u00bb custom_margin_tablet=\u00a0\u00bb\u00a0\u00bb custom_margin_phone=\u00a0\u00bb-24px||||false|false\u00a0\u00bb custom_margin_last_edited=\u00a0\u00bbon|phone\u00a0\u00bb custom_padding=\u00a0\u00bb12px||3px|||\u00a0\u00bb global_colors_info=\u00a0\u00bb{}\u00a0\u00bb][et_pb_column type=\u00a0\u00bb4_4&Prime; _builder_version=\u00a0\u00bb4.9.2&Prime; _module_preset=\u00a0\u00bbdefault\u00a0\u00bb global_colors_info=\u00a0\u00bb{}\u00a0\u00bb][et_pb_text _builder_version=\u00a0\u00bb4.9.4&Prime; _module_preset=\u00a0\u00bbdefault\u00a0\u00bb text_text_color=\u00a0\u00bb#29176D\u00a0\u00bb text_orientation=\u00a0\u00bbcenter\u00a0\u00bb width=\u00a0\u00bb80%\u00a0\u00bb module_alignment=\u00a0\u00bbcenter\u00a0\u00bb min_height=\u00a0\u00bb101px\u00a0\u00bb custom_margin=\u00a0\u00bb0px||0px||true|false\u00a0\u00bb custom_margin_tablet=\u00a0\u00bb10px||10px||true|false\u00a0\u00bb custom_margin_phone=\u00a0\u00bb1px||5px||false|false\u00a0\u00bb custom_margin_last_edited=\u00a0\u00bbon|phone\u00a0\u00bb custom_padding=\u00a0\u00bb11px|||||\u00a0\u00bb custom_padding_tablet=\u00a0\u00bb\u00a0\u00bb custom_padding_phone=\u00a0\u00bb||0px||false|false\u00a0\u00bb custom_padding_last_edited=\u00a0\u00bbon|desktop\u00a0\u00bb module_alignment_tablet=\u00a0\u00bbcenter\u00a0\u00bb module_alignment_phone=\u00a0\u00bbcenter\u00a0\u00bb module_alignment_last_edited=\u00a0\u00bbon|phone\u00a0\u00bb global_colors_info=\u00a0\u00bb{}\u00a0\u00bb]<\/p>\n<p style=\"text-align: center;\">Cette association de p\u00e9tanque est r\u00e9cente dans le paysage de la commune mais compte d\u00e9j\u00e0 pr\u00e8s de 60 adh\u00e9rents.<\/p>\n<p style=\"text-align: center;\">Elle organise des rencontres chaque week-end \u00e0 destination de ses membres et organise plusieurs tournois dans l&rsquo;ann\u00e9e.<\/p>\n<p>[\/et_pb_text][et_pb_text _builder_version=\u00a0\u00bb4.9.4&Prime; _module_preset=\u00a0\u00bbdefault\u00a0\u00bb text_text_color=\u00a0\u00bb#29176D\u00a0\u00bb text_orientation=\u00a0\u00bbcenter\u00a0\u00bb width=\u00a0\u00bb80%\u00a0\u00bb module_alignment=\u00a0\u00bbcenter\u00a0\u00bb min_height=\u00a0\u00bb101px\u00a0\u00bb custom_margin=\u00a0\u00bb0px||0px||true|false\u00a0\u00bb custom_margin_tablet=\u00a0\u00bb10px||10px||true|false\u00a0\u00bb custom_margin_phone=\u00a0\u00bb1px||5px||false|false\u00a0\u00bb custom_margin_last_edited=\u00a0\u00bbon|phone\u00a0\u00bb custom_padding=\u00a0\u00bb11px|||||\u00a0\u00bb custom_padding_tablet=\u00a0\u00bb\u00a0\u00bb custom_padding_phone=\u00a0\u00bb||0px||false|false\u00a0\u00bb custom_padding_last_edited=\u00a0\u00bbon|desktop\u00a0\u00bb module_alignment_tablet=\u00a0\u00bbcenter\u00a0\u00bb module_alignment_phone=\u00a0\u00bbcenter\u00a0\u00bb module_alignment_last_edited=\u00a0\u00bbon|phone\u00a0\u00bb global_colors_info=\u00a0\u00bb{}\u00a0\u00bb]<\/p>\n<p style=\"text-align: center;\"><strong>Contact :<\/strong> Philippe Charonnat<\/p>\n<p style=\"text-align: center;\"><strong>Mail :<\/strong> <a href=\"mailto:labouledelaines@gmail.com\">labouledelaines@gmail.com<\/a><\/p>\n<p style=\"text-align: center;\"><strong>Facebook :<\/strong> <span style=\"text-decoration: underline;\"><a href=\"https:\/\/www.facebook.com\/labouledelaines\">https:\/\/www.facebook.com\/labouledelaines<\/a><a href=\"https:\/\/www.facebook.com\/labouledelaines\" target=\"_blank\" rel=\"noopener\"><\/a><\/span><\/p>\n<p style=\"text-align: center;\"><strong>T\u00e9l :<\/strong> 06 87 09 68 92<\/p>\n<p style=\"text-align: center;\"><strong>Tarif :<\/strong> 10\u20ac par an<\/p>\n<p>[\/et_pb_text][\/et_pb_column][\/et_pb_row][et_pb_row custom_padding_last_edited=\u00a0\u00bbon|phone\u00a0\u00bb _builder_version=\u00a0\u00bb4.9.2&Prime; _module_preset=\u00a0\u00bbdefault\u00a0\u00bb width=\u00a0\u00bb50%\u00a0\u00bb width_tablet=\u00a0\u00bb63.2%\u00a0\u00bb width_phone=\u00a0\u00bb\u00a0\u00bb width_last_edited=\u00a0\u00bbon|phone\u00a0\u00bb module_alignment=\u00a0\u00bbcenter\u00a0\u00bb min_height=\u00a0\u00bb374.6px\u00a0\u00bb custom_margin=\u00a0\u00bb12px|475px|-2px|auto||\u00a0\u00bb custom_padding=\u00a0\u00bb25px|0px|20px|0px|false|true\u00a0\u00bb custom_padding_tablet=\u00a0\u00bb\u00a0\u00bb custom_padding_phone=\u00a0\u00bb25px|0px|0px|0px|false|true\u00a0\u00bb global_colors_info=\u00a0\u00bb{}\u00a0\u00bb][et_pb_column type=\u00a0\u00bb4_4&Prime; _builder_version=\u00a0\u00bb4.9.2&Prime; _module_preset=\u00a0\u00bbdefault\u00a0\u00bb global_colors_info=\u00a0\u00bb{}\u00a0\u00bb][et_pb_image src=\u00a0\u00bbhttps:\/\/laines-aux-bois.fr\/wp-content\/uploads\/2021\/04\/la-boule-de-laines.jpg\u00a0\u00bb title_text=\u00a0\u00bbla-boule-de-laines\u00a0\u00bb show_in_lightbox=\u00a0\u00bbon\u00a0\u00bb _builder_version=\u00a0\u00bb4.9.4&Prime; _module_preset=\u00a0\u00bbdefault\u00a0\u00bb width=\u00a0\u00bb75%\u00a0\u00bb width_tablet=\u00a0\u00bb50%\u00a0\u00bb width_phone=\u00a0\u00bb50%\u00a0\u00bb width_last_edited=\u00a0\u00bbon|phone\u00a0\u00bb module_alignment=\u00a0\u00bbcenter\u00a0\u00bb custom_margin=\u00a0\u00bb0px||||false|false\u00a0\u00bb custom_margin_tablet=\u00a0\u00bb-31px||||false|false\u00a0\u00bb custom_margin_phone=\u00a0\u00bb-32px||||false|false\u00a0\u00bb custom_margin_last_edited=\u00a0\u00bbon|desktop\u00a0\u00bb custom_padding=\u00a0\u00bb|0px||0px|false|true\u00a0\u00bb custom_padding_tablet=\u00a0\u00bb\u00a0\u00bb custom_padding_phone=\u00a0\u00bb\u00a0\u00bb custom_padding_last_edited=\u00a0\u00bbon|tablet\u00a0\u00bb global_colors_info=\u00a0\u00bb{}\u00a0\u00bb][\/et_pb_image][\/et_pb_column][\/et_pb_row][\/et_pb_section]<\/p>\n","protected":false},"excerpt":{"rendered":"<p>La Boule de LainesCette association de p\u00e9tanque est r\u00e9cente dans le paysage de la commune mais compte d\u00e9j\u00e0 pr\u00e8s de 60 adh\u00e9rents. Elle organise des rencontres chaque week-end \u00e0 destination de ses membres et organise plusieurs tournois dans l&rsquo;ann\u00e9e.Contact : Philippe Charonnat Mail : labouledelaines@gmail.com Facebook : https:\/\/www.facebook.com\/labouledelaines T\u00e9l : 06 87 09 68 92 [&hellip;]<\/p>\n","protected":false},"author":1,"featured_media":0,"parent":0,"menu_order":0,"comment_status":"closed","ping_status":"closed","template":"","meta":{"_et_pb_use_builder":"on","_et_pb_old_content":"<!-- wp:divi\/placeholder \/-->","_et_gb_content_width":"","cybocfi_hide_featured_image":"","spay_email":"","footnotes":""},"class_list":["post-741","page","type-page","status-publish","hentry"],"yoast_head":"<!-- This site is optimized with the Yoast SEO plugin v23.4 - https:\/\/yoast.com\/wordpress\/plugins\/seo\/ -->\n<title>La Boule de Laines - Laines-aux-Bois<\/title>\n<meta name=\"description\" content=\"Laines-aux-Bois La Boule de Laines -\" \/>\n<meta name=\"robots\" content=\"index, follow, max-snippet:-1, max-image-preview:large, max-video-preview:-1\" \/>\n<link rel=\"canonical\" href=\"https:\/\/laines-aux-bois.fr\/?page_id=741\" \/>\n<meta property=\"og:locale\" content=\"fr_FR\" \/>\n<meta property=\"og:type\" content=\"article\" \/>\n<meta property=\"og:title\" content=\"La Boule de Laines - Laines-aux-Bois\" \/>\n<meta property=\"og:description\" content=\"Laines-aux-Bois La Boule de Laines -\" \/>\n<meta property=\"og:url\" content=\"https:\/\/laines-aux-bois.fr\/?page_id=741\" \/>\n<meta property=\"og:site_name\" content=\"Laines-aux-Bois\" \/>\n<meta property=\"article:publisher\" content=\"https:\/\/www.facebook.com\/Mairie-de-Laines-aux-Bois-113150383645438\" \/>\n<meta property=\"article:modified_time\" content=\"2023-03-18T09:40:36+00:00\" \/>\n<meta name=\"twitter:card\" content=\"summary_large_image\" \/>\n<meta name=\"twitter:label1\" content=\"Dur\u00e9e de lecture estim\u00e9e\" \/>\n\t<meta name=\"twitter:data1\" content=\"4 minutes\" \/>\n<script type=\"application\/ld+json\" class=\"yoast-schema-graph\">{\"@context\":\"https:\/\/schema.org\",\"@graph\":[{\"@type\":\"WebPage\",\"@id\":\"https:\/\/laines-aux-bois.fr\/?page_id=741\",\"url\":\"https:\/\/laines-aux-bois.fr\/?page_id=741\",\"name\":\"La Boule de Laines - Laines-aux-Bois\",\"isPartOf\":{\"@id\":\"https:\/\/laines-aux-bois.fr\/#website\"},\"datePublished\":\"2021-04-22T06:50:21+00:00\",\"dateModified\":\"2023-03-18T09:40:36+00:00\",\"description\":\"Laines-aux-Bois La Boule de Laines -\",\"breadcrumb\":{\"@id\":\"https:\/\/laines-aux-bois.fr\/?page_id=741#breadcrumb\"},\"inLanguage\":\"fr-FR\",\"potentialAction\":[{\"@type\":\"ReadAction\",\"target\":[\"https:\/\/laines-aux-bois.fr\/?page_id=741\"]}]},{\"@type\":\"BreadcrumbList\",\"@id\":\"https:\/\/laines-aux-bois.fr\/?page_id=741#breadcrumb\",\"itemListElement\":[{\"@type\":\"ListItem\",\"position\":1,\"name\":\"Accueil\",\"item\":\"https:\/\/laines-aux-bois.fr\/\"},{\"@type\":\"ListItem\",\"position\":2,\"name\":\"La Boule de Laines\"}]},{\"@type\":\"WebSite\",\"@id\":\"https:\/\/laines-aux-bois.fr\/#website\",\"url\":\"https:\/\/laines-aux-bois.fr\/\",\"name\":\"Laines-aux-Bois\",\"description\":\"Site officiel de la commune\",\"publisher\":{\"@id\":\"https:\/\/laines-aux-bois.fr\/#organization\"},\"potentialAction\":[{\"@type\":\"SearchAction\",\"target\":{\"@type\":\"EntryPoint\",\"urlTemplate\":\"https:\/\/laines-aux-bois.fr\/?s={search_term_string}\"},\"query-input\":{\"@type\":\"PropertyValueSpecification\",\"valueRequired\":true,\"valueName\":\"search_term_string\"}}],\"inLanguage\":\"fr-FR\"},{\"@type\":\"Organization\",\"@id\":\"https:\/\/laines-aux-bois.fr\/#organization\",\"name\":\"Mairie de Laines-aux-Bois\",\"url\":\"https:\/\/laines-aux-bois.fr\/\",\"logo\":{\"@type\":\"ImageObject\",\"inLanguage\":\"fr-FR\",\"@id\":\"https:\/\/laines-aux-bois.fr\/#\/schema\/logo\/image\/\",\"url\":\"https:\/\/laines-aux-bois.fr\/wp-content\/uploads\/2021\/03\/Logo_Laines-aux-Bois-scaled-e1619425296534.jpg\",\"contentUrl\":\"https:\/\/laines-aux-bois.fr\/wp-content\/uploads\/2021\/03\/Logo_Laines-aux-Bois-scaled-e1619425296534.jpg\",\"width\":710,\"height\":512,\"caption\":\"Mairie de Laines-aux-Bois\"},\"image\":{\"@id\":\"https:\/\/laines-aux-bois.fr\/#\/schema\/logo\/image\/\"},\"sameAs\":[\"https:\/\/www.facebook.com\/Mairie-de-Laines-aux-Bois-113150383645438\"]}]}<\/script>\n<!-- \/ Yoast SEO plugin. -->","yoast_head_json":{"title":"La Boule de Laines - Laines-aux-Bois","description":"Laines-aux-Bois La Boule de Laines -","robots":{"index":"index","follow":"follow","max-snippet":"max-snippet:-1","max-image-preview":"max-image-preview:large","max-video-preview":"max-video-preview:-1"},"canonical":"https:\/\/laines-aux-bois.fr\/?page_id=741","og_locale":"fr_FR","og_type":"article","og_title":"La Boule de Laines - Laines-aux-Bois","og_description":"Laines-aux-Bois La Boule de Laines -","og_url":"https:\/\/laines-aux-bois.fr\/?page_id=741","og_site_name":"Laines-aux-Bois","article_publisher":"https:\/\/www.facebook.com\/Mairie-de-Laines-aux-Bois-113150383645438","article_modified_time":"2023-03-18T09:40:36+00:00","twitter_card":"summary_large_image","twitter_misc":{"Dur\u00e9e de lecture estim\u00e9e":"4 minutes"},"schema":{"@context":"https:\/\/schema.org","@graph":[{"@type":"WebPage","@id":"https:\/\/laines-aux-bois.fr\/?page_id=741","url":"https:\/\/laines-aux-bois.fr\/?page_id=741","name":"La Boule de Laines - Laines-aux-Bois","isPartOf":{"@id":"https:\/\/laines-aux-bois.fr\/#website"},"datePublished":"2021-04-22T06:50:21+00:00","dateModified":"2023-03-18T09:40:36+00:00","description":"Laines-aux-Bois La Boule de Laines -","breadcrumb":{"@id":"https:\/\/laines-aux-bois.fr\/?page_id=741#breadcrumb"},"inLanguage":"fr-FR","potentialAction":[{"@type":"ReadAction","target":["https:\/\/laines-aux-bois.fr\/?page_id=741"]}]},{"@type":"BreadcrumbList","@id":"https:\/\/laines-aux-bois.fr\/?page_id=741#breadcrumb","itemListElement":[{"@type":"ListItem","position":1,"name":"Accueil","item":"https:\/\/laines-aux-bois.fr\/"},{"@type":"ListItem","position":2,"name":"La Boule de Laines"}]},{"@type":"WebSite","@id":"https:\/\/laines-aux-bois.fr\/#website","url":"https:\/\/laines-aux-bois.fr\/","name":"Laines-aux-Bois","description":"Site officiel de la commune","publisher":{"@id":"https:\/\/laines-aux-bois.fr\/#organization"},"potentialAction":[{"@type":"SearchAction","target":{"@type":"EntryPoint","urlTemplate":"https:\/\/laines-aux-bois.fr\/?s={search_term_string}"},"query-input":{"@type":"PropertyValueSpecification","valueRequired":true,"valueName":"search_term_string"}}],"inLanguage":"fr-FR"},{"@type":"Organization","@id":"https:\/\/laines-aux-bois.fr\/#organization","name":"Mairie de Laines-aux-Bois","url":"https:\/\/laines-aux-bois.fr\/","logo":{"@type":"ImageObject","inLanguage":"fr-FR","@id":"https:\/\/laines-aux-bois.fr\/#\/schema\/logo\/image\/","url":"https:\/\/laines-aux-bois.fr\/wp-content\/uploads\/2021\/03\/Logo_Laines-aux-Bois-scaled-e1619425296534.jpg","contentUrl":"https:\/\/laines-aux-bois.fr\/wp-content\/uploads\/2021\/03\/Logo_Laines-aux-Bois-scaled-e1619425296534.jpg","width":710,"height":512,"caption":"Mairie de Laines-aux-Bois"},"image":{"@id":"https:\/\/laines-aux-bois.fr\/#\/schema\/logo\/image\/"},"sameAs":["https:\/\/www.facebook.com\/Mairie-de-Laines-aux-Bois-113150383645438"]}]}},"_links":{"self":[{"href":"https:\/\/laines-aux-bois.fr\/index.php?rest_route=\/wp\/v2\/pages\/741"}],"collection":[{"href":"https:\/\/laines-aux-bois.fr\/index.php?rest_route=\/wp\/v2\/pages"}],"about":[{"href":"https:\/\/laines-aux-bois.fr\/index.php?rest_route=\/wp\/v2\/types\/page"}],"author":[{"embeddable":true,"href":"https:\/\/laines-aux-bois.fr\/index.php?rest_route=\/wp\/v2\/users\/1"}],"replies":[{"embeddable":true,"href":"https:\/\/laines-aux-bois.fr\/index.php?rest_route=%2Fwp%2Fv2%2Fcomments&post=741"}],"version-history":[{"count":7,"href":"https:\/\/laines-aux-bois.fr\/index.php?rest_route=\/wp\/v2\/pages\/741\/revisions"}],"predecessor-version":[{"id":2028,"href":"https:\/\/laines-aux-bois.fr\/index.php?rest_route=\/wp\/v2\/pages\/741\/revisions\/2028"}],"wp:attachment":[{"href":"https:\/\/laines-aux-bois.fr\/index.php?rest_route=%2Fwp%2Fv2%2Fmedia&parent=741"}],"curies":[{"name":"wp","href":"https:\/\/api.w.org\/{rel}","templated":true}]}}