{"id":749,"date":"2021-04-22T07:02:51","date_gmt":"2021-04-22T07:02:51","guid":{"rendered":"https:\/\/laines-aux-bois.fr\/?page_id=749"},"modified":"2026-02-09T12:23:53","modified_gmt":"2026-02-09T12:23:53","slug":"les-sapeurs-pompiers","status":"publish","type":"page","link":"https:\/\/laines-aux-bois.fr\/?page_id=749","title":{"rendered":"Sapeurs Pompiers"},"content":{"rendered":"<p>[et_pb_section fb_built=\u00a0\u00bb1&Prime; custom_padding_last_edited=\u00a0\u00bbon|phone\u00a0\u00bb _builder_version=\u00a0\u00bb4.9.2&Prime; _module_preset=\u00a0\u00bbdefault\u00a0\u00bb custom_padding=\u00a0\u00bb2px||2px|||\u00a0\u00bb custom_padding_tablet=\u00a0\u00bb\u00a0\u00bb custom_padding_phone=\u00a0\u00bb||0px||false|false\u00a0\u00bb global_colors_info=\u00a0\u00bb{}\u00a0\u00bb][et_pb_row _builder_version=\u00a0\u00bb4.9.2&Prime; _module_preset=\u00a0\u00bbdefault\u00a0\u00bb background_color=\u00a0\u00bb#29176D\u00a0\u00bb max_width=\u00a0\u00bb1920px\u00a0\u00bb module_alignment=\u00a0\u00bbcenter\u00a0\u00bb custom_padding=\u00a0\u00bb8px||3px|||\u00a0\u00bb global_colors_info=\u00a0\u00bb{}\u00a0\u00bb][et_pb_column type=\u00a0\u00bb4_4&Prime; _builder_version=\u00a0\u00bb4.9.2&Prime; _module_preset=\u00a0\u00bbdefault\u00a0\u00bb global_colors_info=\u00a0\u00bb{}\u00a0\u00bb][et_pb_text _builder_version=\u00a0\u00bb4.9.4&Prime; _module_preset=\u00a0\u00bbdefault\u00a0\u00bb header_font=\u00a0\u00bbRoboto||||||||\u00a0\u00bb header_text_align=\u00a0\u00bbcenter\u00a0\u00bb header_text_color=\u00a0\u00bb#FFFFFF\u00a0\u00bb header_letter_spacing=\u00a0\u00bb1px\u00a0\u00bb custom_margin=\u00a0\u00bb5px|||||\u00a0\u00bb global_colors_info=\u00a0\u00bb{}\u00a0\u00bb]<\/p>\n<h1 style=\"text-align: center;\">Sapeurs Pompiers<\/h1>\n<p>[\/et_pb_text][\/et_pb_column][\/et_pb_row][\/et_pb_section][et_pb_section fb_built=\u00a0\u00bb1&Prime; _builder_version=\u00a0\u00bb4.9.2&Prime; _module_preset=\u00a0\u00bbdefault\u00a0\u00bb min_height=\u00a0\u00bb618px\u00a0\u00bb custom_padding=\u00a0\u00bb19px||0px|||\u00a0\u00bb global_colors_info=\u00a0\u00bb{}\u00a0\u00bb][et_pb_row _builder_version=\u00a0\u00bb4.9.2&Prime; _module_preset=\u00a0\u00bbdefault\u00a0\u00bb min_height=\u00a0\u00bb137.4px\u00a0\u00bb custom_padding=\u00a0\u00bb||3px|||\u00a0\u00bb global_colors_info=\u00a0\u00bb{}\u00a0\u00bb][et_pb_column type=\u00a0\u00bb4_4&Prime; _builder_version=\u00a0\u00bb4.9.2&Prime; _module_preset=\u00a0\u00bbdefault\u00a0\u00bb global_colors_info=\u00a0\u00bb{}\u00a0\u00bb][\/et_pb_column][\/et_pb_row][et_pb_row _builder_version=\u00a0\u00bb4.9.2&Prime; _module_preset=\u00a0\u00bbdefault\u00a0\u00bb min_height=\u00a0\u00bb26.2px\u00a0\u00bb custom_margin=\u00a0\u00bb|auto|-4px|auto||\u00a0\u00bb custom_margin_tablet=\u00a0\u00bb\u00a0\u00bb custom_margin_phone=\u00a0\u00bb-24px||||false|false\u00a0\u00bb custom_margin_last_edited=\u00a0\u00bbon|phone\u00a0\u00bb custom_padding=\u00a0\u00bb12px||3px|||\u00a0\u00bb global_colors_info=\u00a0\u00bb{}\u00a0\u00bb][et_pb_column type=\u00a0\u00bb4_4&Prime; _builder_version=\u00a0\u00bb4.9.2&Prime; _module_preset=\u00a0\u00bbdefault\u00a0\u00bb global_colors_info=\u00a0\u00bb{}\u00a0\u00bb][et_pb_text _builder_version=\u00a0\u00bb4.9.4&Prime; _module_preset=\u00a0\u00bbdefault\u00a0\u00bb text_text_color=\u00a0\u00bb#29176D\u00a0\u00bb text_orientation=\u00a0\u00bbcenter\u00a0\u00bb width=\u00a0\u00bb80%\u00a0\u00bb module_alignment=\u00a0\u00bbcenter\u00a0\u00bb min_height=\u00a0\u00bb101px\u00a0\u00bb custom_margin=\u00a0\u00bb0px||0px||true|false\u00a0\u00bb custom_margin_tablet=\u00a0\u00bb10px||10px||true|false\u00a0\u00bb custom_margin_phone=\u00a0\u00bb1px||5px||false|false\u00a0\u00bb custom_margin_last_edited=\u00a0\u00bbon|phone\u00a0\u00bb custom_padding=\u00a0\u00bb11px|||||\u00a0\u00bb custom_padding_tablet=\u00a0\u00bb\u00a0\u00bb custom_padding_phone=\u00a0\u00bb||0px||false|false\u00a0\u00bb custom_padding_last_edited=\u00a0\u00bbon|desktop\u00a0\u00bb module_alignment_tablet=\u00a0\u00bbcenter\u00a0\u00bb module_alignment_phone=\u00a0\u00bbcenter\u00a0\u00bb module_alignment_last_edited=\u00a0\u00bbon|phone\u00a0\u00bb global_colors_info=\u00a0\u00bb{}\u00a0\u00bb]<\/p>\n<p style=\"text-align: center;\">La compagnie des sapeurs-pompiers de Laines-aux-Bois compte actuellement 7 personnes. Elle r\u00e9alise des interventions de premi\u00e8res urgences sur le territoire de notre commune. Elle peut \u00eatre appel\u00e9e en renfort par d&rsquo;autres compagnies sur le secteur.<\/p>\n<p>[\/et_pb_text][et_pb_image src=\u00a0\u00bbhttps:\/\/laines-aux-bois.fr\/wp-content\/uploads\/2023\/03\/pompiers-1.jpeg\u00a0\u00bb title_text=\u00a0\u00bbpompiers 1&Prime; align=\u00a0\u00bbcenter\u00a0\u00bb _builder_version=\u00a0\u00bb4.14.8&Prime; _module_preset=\u00a0\u00bbdefault\u00a0\u00bb max_width=\u00a0\u00bb24%\u00a0\u00bb module_alignment=\u00a0\u00bbcenter\u00a0\u00bb global_colors_info=\u00a0\u00bb{}\u00a0\u00bb][\/et_pb_image][et_pb_text _builder_version=\u00a0\u00bb4.14.8&Prime; _module_preset=\u00a0\u00bbdefault\u00a0\u00bb text_text_color=\u00a0\u00bb#29176D\u00a0\u00bb text_orientation=\u00a0\u00bbcenter\u00a0\u00bb width=\u00a0\u00bb80%\u00a0\u00bb module_alignment=\u00a0\u00bbcenter\u00a0\u00bb min_height=\u00a0\u00bb101px\u00a0\u00bb custom_margin=\u00a0\u00bb0px||0px||true|false\u00a0\u00bb custom_margin_tablet=\u00a0\u00bb10px||10px||true|false\u00a0\u00bb custom_margin_phone=\u00a0\u00bb1px||5px||false|false\u00a0\u00bb custom_margin_last_edited=\u00a0\u00bbon|phone\u00a0\u00bb custom_padding=\u00a0\u00bb11px|||||\u00a0\u00bb custom_padding_tablet=\u00a0\u00bb\u00a0\u00bb custom_padding_phone=\u00a0\u00bb||0px||false|false\u00a0\u00bb custom_padding_last_edited=\u00a0\u00bbon|desktop\u00a0\u00bb hover_enabled=\u00a0\u00bb0&Prime; module_alignment_tablet=\u00a0\u00bbcenter\u00a0\u00bb module_alignment_phone=\u00a0\u00bbcenter\u00a0\u00bb module_alignment_last_edited=\u00a0\u00bbon|phone\u00a0\u00bb global_colors_info=\u00a0\u00bb{}\u00a0\u00bb sticky_enabled=\u00a0\u00bb0&Prime;]<\/p>\n<h2 style=\"text-align: center;\">Informations recrutement<\/h2>\n<p style=\"text-align: center;\">Vous souhaitez rejoindre le Centre de Premi\u00e8re Intervention (CPI) de Laines-aux-Bois, n&rsquo;h\u00e9sitez pas, prenez contact avec le chef de corps SCHIERY Laurent.<\/p>\n<p>[\/et_pb_text][\/et_pb_column][\/et_pb_row][et_pb_row custom_padding_last_edited=\u00a0\u00bbon|phone\u00a0\u00bb _builder_version=\u00a0\u00bb4.9.2&Prime; _module_preset=\u00a0\u00bbdefault\u00a0\u00bb width=\u00a0\u00bb50%\u00a0\u00bb width_tablet=\u00a0\u00bb63.2%\u00a0\u00bb width_phone=\u00a0\u00bb\u00a0\u00bb width_last_edited=\u00a0\u00bbon|phone\u00a0\u00bb module_alignment=\u00a0\u00bbcenter\u00a0\u00bb min_height=\u00a0\u00bb161.6px\u00a0\u00bb custom_margin=\u00a0\u00bb12px|475px|1px|auto||\u00a0\u00bb custom_padding=\u00a0\u00bb25px|0px|3px|0px|false|true\u00a0\u00bb custom_padding_tablet=\u00a0\u00bb\u00a0\u00bb custom_padding_phone=\u00a0\u00bb25px|0px|0px|0px|false|true\u00a0\u00bb global_colors_info=\u00a0\u00bb{}\u00a0\u00bb][et_pb_column type=\u00a0\u00bb4_4&Prime; _builder_version=\u00a0\u00bb4.9.2&Prime; _module_preset=\u00a0\u00bbdefault\u00a0\u00bb global_colors_info=\u00a0\u00bb{}\u00a0\u00bb][et_pb_image src=\u00a0\u00bbhttps:\/\/laines-aux-bois.fr\/wp-content\/uploads\/2023\/03\/pompier1.jpeg\u00a0\u00bb title_text=\u00a0\u00bbpompier1&Prime; show_in_lightbox=\u00a0\u00bbon\u00a0\u00bb align=\u00a0\u00bbcenter\u00a0\u00bb _builder_version=\u00a0\u00bb4.14.8&Prime; _module_preset=\u00a0\u00bbdefault\u00a0\u00bb width=\u00a0\u00bb84%\u00a0\u00bb width_tablet=\u00a0\u00bb25%\u00a0\u00bb width_phone=\u00a0\u00bb50%\u00a0\u00bb width_last_edited=\u00a0\u00bbon|phone\u00a0\u00bb max_width=\u00a0\u00bb51%\u00a0\u00bb module_alignment=\u00a0\u00bbcenter\u00a0\u00bb min_height=\u00a0\u00bb123px\u00a0\u00bb height=\u00a0\u00bb151px\u00a0\u00bb max_height=\u00a0\u00bb187px\u00a0\u00bb custom_margin=\u00a0\u00bb0px||0px||false|false\u00a0\u00bb custom_margin_tablet=\u00a0\u00bb-31px||||false|false\u00a0\u00bb custom_margin_phone=\u00a0\u00bb-32px||||false|false\u00a0\u00bb custom_margin_last_edited=\u00a0\u00bbon|desktop\u00a0\u00bb custom_padding=\u00a0\u00bb|0px||0px|false|true\u00a0\u00bb custom_padding_tablet=\u00a0\u00bb\u00a0\u00bb custom_padding_phone=\u00a0\u00bb\u00a0\u00bb custom_padding_last_edited=\u00a0\u00bbon|tablet\u00a0\u00bb hover_enabled=\u00a0\u00bb0&Prime; global_colors_info=\u00a0\u00bb{}\u00a0\u00bb sticky_enabled=\u00a0\u00bb0&Prime;][\/et_pb_image][et_pb_text _builder_version=\u00a0\u00bb4.14.8&Prime; _module_preset=\u00a0\u00bbdefault\u00a0\u00bb hover_enabled=\u00a0\u00bb0&Prime; global_colors_info=\u00a0\u00bb{}\u00a0\u00bb sticky_enabled=\u00a0\u00bb0&Prime;]<\/p>\n<p style=\"text-align: center;\">Laurent SCHIERY<\/p>\n<p style=\"text-align: center;\">1Cl<\/p>\n<p>[\/et_pb_text][\/et_pb_column][\/et_pb_row][et_pb_row column_structure=\u00a0\u00bb1_3,1_3,1_3&Prime; custom_padding_last_edited=\u00a0\u00bbon|phone\u00a0\u00bb _builder_version=\u00a0\u00bb4.9.2&Prime; _module_preset=\u00a0\u00bbdefault\u00a0\u00bb width=\u00a0\u00bb50%\u00a0\u00bb width_tablet=\u00a0\u00bb63.2%\u00a0\u00bb width_phone=\u00a0\u00bb\u00a0\u00bb width_last_edited=\u00a0\u00bbon|phone\u00a0\u00bb module_alignment=\u00a0\u00bbcenter\u00a0\u00bb min_height=\u00a0\u00bb234.6px\u00a0\u00bb custom_margin=\u00a0\u00bb12px|475px|-2px|auto||\u00a0\u00bb custom_padding=\u00a0\u00bb25px|0px|2px|0px|false|true\u00a0\u00bb custom_padding_tablet=\u00a0\u00bb\u00a0\u00bb custom_padding_phone=\u00a0\u00bb25px|0px|0px|0px|false|true\u00a0\u00bb global_colors_info=\u00a0\u00bb{}\u00a0\u00bb][et_pb_column type=\u00a0\u00bb1_3&Prime; _builder_version=\u00a0\u00bb4.9.2&Prime; _module_preset=\u00a0\u00bbdefault\u00a0\u00bb global_colors_info=\u00a0\u00bb{}\u00a0\u00bb][et_pb_image src=\u00a0\u00bbhttps:\/\/laines-aux-bois.fr\/wp-content\/uploads\/2026\/02\/younesse-scaled.jpg\u00a0\u00bb title_text=\u00a0\u00bbyounesse\u00a0\u00bb align=\u00a0\u00bbcenter\u00a0\u00bb _builder_version=\u00a0\u00bb4.14.8&Prime; _module_preset=\u00a0\u00bbdefault\u00a0\u00bb width=\u00a0\u00bb66%\u00a0\u00bb max_width=\u00a0\u00bb60%\u00a0\u00bb custom_margin=\u00a0\u00bb||0px|||\u00a0\u00bb hover_enabled=\u00a0\u00bb0&Prime; global_colors_info=\u00a0\u00bb{}\u00a0\u00bb sticky_enabled=\u00a0\u00bb0&Prime;][\/et_pb_image][et_pb_text _builder_version=\u00a0\u00bb4.14.8&Prime; _module_preset=\u00a0\u00bbdefault\u00a0\u00bb hover_enabled=\u00a0\u00bb0&Prime; global_colors_info=\u00a0\u00bb{}\u00a0\u00bb sticky_enabled=\u00a0\u00bb0&Prime;]<\/p>\n<p style=\"text-align: center;\">Younesse AZOUGAGH<\/p>\n<p style=\"text-align: center;\">2Cl<\/p>\n<p>[\/et_pb_text][\/et_pb_column][et_pb_column type=\u00a0\u00bb1_3&Prime; _builder_version=\u00a0\u00bb4.9.2&Prime; _module_preset=\u00a0\u00bbdefault\u00a0\u00bb global_colors_info=\u00a0\u00bb{}\u00a0\u00bb][et_pb_image src=\u00a0\u00bbhttps:\/\/laines-aux-bois.fr\/wp-content\/uploads\/2023\/03\/pompier3.jpeg\u00a0\u00bb title_text=\u00a0\u00bbpompier3&Prime; align=\u00a0\u00bbcenter\u00a0\u00bb _builder_version=\u00a0\u00bb4.14.8&Prime; _module_preset=\u00a0\u00bbdefault\u00a0\u00bb width=\u00a0\u00bb66%\u00a0\u00bb max_width=\u00a0\u00bb60%\u00a0\u00bb custom_margin=\u00a0\u00bb||1px|||\u00a0\u00bb global_colors_info=\u00a0\u00bb{}\u00a0\u00bb][\/et_pb_image][et_pb_text _builder_version=\u00a0\u00bb4.14.8&Prime; _module_preset=\u00a0\u00bbdefault\u00a0\u00bb global_colors_info=\u00a0\u00bb{}\u00a0\u00bb]<\/p>\n<p style=\"text-align: center;\">Adrien PATRIS-LINDEPERG<\/p>\n<p style=\"text-align: center;\">1Cl<\/p>\n<p>[\/et_pb_text][\/et_pb_column][et_pb_column type=\u00a0\u00bb1_3&Prime; _builder_version=\u00a0\u00bb4.9.2&Prime; _module_preset=\u00a0\u00bbdefault\u00a0\u00bb global_colors_info=\u00a0\u00bb{}\u00a0\u00bb][et_pb_image src=\u00a0\u00bbhttps:\/\/laines-aux-bois.fr\/wp-content\/uploads\/2026\/02\/pompier.jpg\u00a0\u00bb title_text=\u00a0\u00bbpompier\u00a0\u00bb align=\u00a0\u00bbcenter\u00a0\u00bb _builder_version=\u00a0\u00bb4.14.8&Prime; _module_preset=\u00a0\u00bbdefault\u00a0\u00bb width=\u00a0\u00bb99%\u00a0\u00bb max_width=\u00a0\u00bb79%\u00a0\u00bb custom_margin=\u00a0\u00bb||0px|||\u00a0\u00bb hover_enabled=\u00a0\u00bb0&Prime; global_colors_info=\u00a0\u00bb{}\u00a0\u00bb sticky_enabled=\u00a0\u00bb0&Prime;][\/et_pb_image][et_pb_text _builder_version=\u00a0\u00bb4.14.8&Prime; _module_preset=\u00a0\u00bbdefault\u00a0\u00bb hover_enabled=\u00a0\u00bb0&Prime; global_colors_info=\u00a0\u00bb{}\u00a0\u00bb sticky_enabled=\u00a0\u00bb0&Prime;]<\/p>\n<p style=\"text-align: center;\">Lilou FOUET<\/p>\n<p style=\"text-align: center;\">2Cl<\/p>\n<p>[\/et_pb_text][\/et_pb_column][\/et_pb_row][et_pb_row column_structure=\u00a0\u00bb1_3,1_3,1_3&Prime; custom_padding_last_edited=\u00a0\u00bbon|phone\u00a0\u00bb _builder_version=\u00a0\u00bb4.9.2&Prime; _module_preset=\u00a0\u00bbdefault\u00a0\u00bb width=\u00a0\u00bb50%\u00a0\u00bb width_tablet=\u00a0\u00bb63.2%\u00a0\u00bb width_phone=\u00a0\u00bb\u00a0\u00bb width_last_edited=\u00a0\u00bbon|phone\u00a0\u00bb module_alignment=\u00a0\u00bbcenter\u00a0\u00bb min_height=\u00a0\u00bb234.6px\u00a0\u00bb custom_margin=\u00a0\u00bb12px|475px|-2px|auto||\u00a0\u00bb custom_padding=\u00a0\u00bb25px|0px|2px|0px|false|true\u00a0\u00bb custom_padding_tablet=\u00a0\u00bb\u00a0\u00bb custom_padding_phone=\u00a0\u00bb25px|0px|0px|0px|false|true\u00a0\u00bb global_colors_info=\u00a0\u00bb{}\u00a0\u00bb][et_pb_column type=\u00a0\u00bb1_3&Prime; _builder_version=\u00a0\u00bb4.9.4&Prime; _module_preset=\u00a0\u00bbdefault\u00a0\u00bb global_colors_info=\u00a0\u00bb{}\u00a0\u00bb][et_pb_image src=\u00a0\u00bbhttps:\/\/laines-aux-bois.fr\/wp-content\/uploads\/2023\/03\/pompier2.jpeg\u00a0\u00bb title_text=\u00a0\u00bbpompier2&Prime; align=\u00a0\u00bbcenter\u00a0\u00bb _builder_version=\u00a0\u00bb4.14.8&Prime; _module_preset=\u00a0\u00bbdefault\u00a0\u00bb width=\u00a0\u00bb53%\u00a0\u00bb max_width=\u00a0\u00bb60%\u00a0\u00bb custom_margin=\u00a0\u00bb||1px|||\u00a0\u00bb hover_enabled=\u00a0\u00bb0&Prime; global_colors_info=\u00a0\u00bb{}\u00a0\u00bb sticky_enabled=\u00a0\u00bb0&Prime;][\/et_pb_image][et_pb_text _builder_version=\u00a0\u00bb4.9.4&Prime; _module_preset=\u00a0\u00bbdefault\u00a0\u00bb global_colors_info=\u00a0\u00bb{}\u00a0\u00bb]<\/p>\n<p style=\"text-align: center;\">Pascal FOUET<\/p>\n<p style=\"text-align: center;\">CCh<\/p>\n<p>[\/et_pb_text][\/et_pb_column][et_pb_column type=\u00a0\u00bb1_3&Prime; _builder_version=\u00a0\u00bb4.9.4&Prime; _module_preset=\u00a0\u00bbdefault\u00a0\u00bb global_colors_info=\u00a0\u00bb{}\u00a0\u00bb][et_pb_image src=\u00a0\u00bbhttps:\/\/laines-aux-bois.fr\/wp-content\/uploads\/2023\/03\/pompier6.jpeg\u00a0\u00bb title_text=\u00a0\u00bbpompier6&Prime; align=\u00a0\u00bbcenter\u00a0\u00bb _builder_version=\u00a0\u00bb4.14.8&Prime; _module_preset=\u00a0\u00bbdefault\u00a0\u00bb width=\u00a0\u00bb66%\u00a0\u00bb max_width=\u00a0\u00bb60%\u00a0\u00bb custom_margin=\u00a0\u00bb||-1px|||\u00a0\u00bb global_colors_info=\u00a0\u00bb{}\u00a0\u00bb][\/et_pb_image][et_pb_text _builder_version=\u00a0\u00bb4.9.4&Prime; _module_preset=\u00a0\u00bbdefault\u00a0\u00bb global_colors_info=\u00a0\u00bb{}\u00a0\u00bb]<\/p>\n<p style=\"text-align: center;\">David MIN<\/p>\n<p style=\"text-align: center;\">CCh<\/p>\n<p>[\/et_pb_text][\/et_pb_column][et_pb_column type=\u00a0\u00bb1_3&Prime; _builder_version=\u00a0\u00bb4.9.2&Prime; _module_preset=\u00a0\u00bbdefault\u00a0\u00bb global_colors_info=\u00a0\u00bb{}\u00a0\u00bb][et_pb_image src=\u00a0\u00bbhttps:\/\/laines-aux-bois.fr\/wp-content\/uploads\/2026\/02\/pompier.jpg\u00a0\u00bb title_text=\u00a0\u00bbpompier\u00a0\u00bb align=\u00a0\u00bbcenter\u00a0\u00bb _builder_version=\u00a0\u00bb4.14.8&Prime; _module_preset=\u00a0\u00bbdefault\u00a0\u00bb custom_margin=\u00a0\u00bb||0px|||\u00a0\u00bb hover_enabled=\u00a0\u00bb0&Prime; global_colors_info=\u00a0\u00bb{}\u00a0\u00bb sticky_enabled=\u00a0\u00bb0&Prime; width=\u00a0\u00bb73%\u00a0\u00bb][\/et_pb_image][et_pb_text _builder_version=\u00a0\u00bb4.14.8&Prime; _module_preset=\u00a0\u00bbdefault\u00a0\u00bb hover_enabled=\u00a0\u00bb0&Prime; global_colors_info=\u00a0\u00bb{}\u00a0\u00bb sticky_enabled=\u00a0\u00bb0&Prime;]<\/p>\n<p style=\"text-align: center;\">L\u00e9o JOANNIS<\/p>\n<p style=\"text-align: center;\">1Cl<\/p>\n<p>[\/et_pb_text][\/et_pb_column][\/et_pb_row][\/et_pb_section]<\/p>\n","protected":false},"excerpt":{"rendered":"<p>Sapeurs PompiersLa compagnie des sapeurs-pompiers de Laines-aux-Bois compte actuellement 7 personnes. Elle r\u00e9alise des interventions de premi\u00e8res urgences sur le territoire de notre commune. Elle peut \u00eatre appel\u00e9e en renfort par d&rsquo;autres compagnies sur le secteur.Informations recrutement Vous souhaitez rejoindre le Centre de Premi\u00e8re Intervention (CPI) de Laines-aux-Bois, n&rsquo;h\u00e9sitez pas, prenez contact avec le chef [&hellip;]<\/p>\n","protected":false},"author":1,"featured_media":0,"parent":0,"menu_order":0,"comment_status":"closed","ping_status":"closed","template":"","meta":{"_et_pb_use_builder":"on","_et_pb_old_content":"<!-- wp:divi\/placeholder \/-->","_et_gb_content_width":"","cybocfi_hide_featured_image":"","spay_email":"","footnotes":""},"class_list":["post-749","page","type-page","status-publish","hentry"],"yoast_head":"<!-- This site is optimized with the Yoast SEO plugin v23.4 - https:\/\/yoast.com\/wordpress\/plugins\/seo\/ -->\n<title>Sapeurs Pompiers - Laines-aux-Bois<\/title>\n<meta name=\"description\" content=\"Laines-aux-Bois Sapeurs Pompiers -\" \/>\n<meta name=\"robots\" content=\"index, follow, max-snippet:-1, max-image-preview:large, max-video-preview:-1\" \/>\n<link rel=\"canonical\" href=\"https:\/\/laines-aux-bois.fr\/?page_id=749\" \/>\n<meta property=\"og:locale\" content=\"fr_FR\" \/>\n<meta property=\"og:type\" content=\"article\" \/>\n<meta property=\"og:title\" content=\"Sapeurs Pompiers - Laines-aux-Bois\" \/>\n<meta property=\"og:description\" content=\"Laines-aux-Bois Sapeurs Pompiers -\" \/>\n<meta property=\"og:url\" content=\"https:\/\/laines-aux-bois.fr\/?page_id=749\" \/>\n<meta property=\"og:site_name\" content=\"Laines-aux-Bois\" \/>\n<meta property=\"article:publisher\" content=\"https:\/\/www.facebook.com\/Mairie-de-Laines-aux-Bois-113150383645438\" \/>\n<meta property=\"article:modified_time\" content=\"2026-02-09T12:23:53+00:00\" \/>\n<meta name=\"twitter:card\" content=\"summary_large_image\" \/>\n<meta name=\"twitter:label1\" content=\"Dur\u00e9e de lecture estim\u00e9e\" \/>\n\t<meta name=\"twitter:data1\" content=\"6 minutes\" \/>\n<script type=\"application\/ld+json\" class=\"yoast-schema-graph\">{\"@context\":\"https:\/\/schema.org\",\"@graph\":[{\"@type\":\"WebPage\",\"@id\":\"https:\/\/laines-aux-bois.fr\/?page_id=749\",\"url\":\"https:\/\/laines-aux-bois.fr\/?page_id=749\",\"name\":\"Sapeurs Pompiers - Laines-aux-Bois\",\"isPartOf\":{\"@id\":\"https:\/\/laines-aux-bois.fr\/#website\"},\"datePublished\":\"2021-04-22T07:02:51+00:00\",\"dateModified\":\"2026-02-09T12:23:53+00:00\",\"description\":\"Laines-aux-Bois Sapeurs Pompiers -\",\"breadcrumb\":{\"@id\":\"https:\/\/laines-aux-bois.fr\/?page_id=749#breadcrumb\"},\"inLanguage\":\"fr-FR\",\"potentialAction\":[{\"@type\":\"ReadAction\",\"target\":[\"https:\/\/laines-aux-bois.fr\/?page_id=749\"]}]},{\"@type\":\"BreadcrumbList\",\"@id\":\"https:\/\/laines-aux-bois.fr\/?page_id=749#breadcrumb\",\"itemListElement\":[{\"@type\":\"ListItem\",\"position\":1,\"name\":\"Accueil\",\"item\":\"https:\/\/laines-aux-bois.fr\/\"},{\"@type\":\"ListItem\",\"position\":2,\"name\":\"Sapeurs Pompiers\"}]},{\"@type\":\"WebSite\",\"@id\":\"https:\/\/laines-aux-bois.fr\/#website\",\"url\":\"https:\/\/laines-aux-bois.fr\/\",\"name\":\"Laines-aux-Bois\",\"description\":\"Site officiel de la commune\",\"publisher\":{\"@id\":\"https:\/\/laines-aux-bois.fr\/#organization\"},\"potentialAction\":[{\"@type\":\"SearchAction\",\"target\":{\"@type\":\"EntryPoint\",\"urlTemplate\":\"https:\/\/laines-aux-bois.fr\/?s={search_term_string}\"},\"query-input\":{\"@type\":\"PropertyValueSpecification\",\"valueRequired\":true,\"valueName\":\"search_term_string\"}}],\"inLanguage\":\"fr-FR\"},{\"@type\":\"Organization\",\"@id\":\"https:\/\/laines-aux-bois.fr\/#organization\",\"name\":\"Mairie de Laines-aux-Bois\",\"url\":\"https:\/\/laines-aux-bois.fr\/\",\"logo\":{\"@type\":\"ImageObject\",\"inLanguage\":\"fr-FR\",\"@id\":\"https:\/\/laines-aux-bois.fr\/#\/schema\/logo\/image\/\",\"url\":\"https:\/\/laines-aux-bois.fr\/wp-content\/uploads\/2021\/03\/Logo_Laines-aux-Bois-scaled-e1619425296534.jpg\",\"contentUrl\":\"https:\/\/laines-aux-bois.fr\/wp-content\/uploads\/2021\/03\/Logo_Laines-aux-Bois-scaled-e1619425296534.jpg\",\"width\":710,\"height\":512,\"caption\":\"Mairie de Laines-aux-Bois\"},\"image\":{\"@id\":\"https:\/\/laines-aux-bois.fr\/#\/schema\/logo\/image\/\"},\"sameAs\":[\"https:\/\/www.facebook.com\/Mairie-de-Laines-aux-Bois-113150383645438\"]}]}<\/script>\n<!-- \/ Yoast SEO plugin. -->","yoast_head_json":{"title":"Sapeurs Pompiers - Laines-aux-Bois","description":"Laines-aux-Bois Sapeurs Pompiers -","robots":{"index":"index","follow":"follow","max-snippet":"max-snippet:-1","max-image-preview":"max-image-preview:large","max-video-preview":"max-video-preview:-1"},"canonical":"https:\/\/laines-aux-bois.fr\/?page_id=749","og_locale":"fr_FR","og_type":"article","og_title":"Sapeurs Pompiers - Laines-aux-Bois","og_description":"Laines-aux-Bois Sapeurs Pompiers -","og_url":"https:\/\/laines-aux-bois.fr\/?page_id=749","og_site_name":"Laines-aux-Bois","article_publisher":"https:\/\/www.facebook.com\/Mairie-de-Laines-aux-Bois-113150383645438","article_modified_time":"2026-02-09T12:23:53+00:00","twitter_card":"summary_large_image","twitter_misc":{"Dur\u00e9e de lecture estim\u00e9e":"6 minutes"},"schema":{"@context":"https:\/\/schema.org","@graph":[{"@type":"WebPage","@id":"https:\/\/laines-aux-bois.fr\/?page_id=749","url":"https:\/\/laines-aux-bois.fr\/?page_id=749","name":"Sapeurs Pompiers - Laines-aux-Bois","isPartOf":{"@id":"https:\/\/laines-aux-bois.fr\/#website"},"datePublished":"2021-04-22T07:02:51+00:00","dateModified":"2026-02-09T12:23:53+00:00","description":"Laines-aux-Bois Sapeurs Pompiers -","breadcrumb":{"@id":"https:\/\/laines-aux-bois.fr\/?page_id=749#breadcrumb"},"inLanguage":"fr-FR","potentialAction":[{"@type":"ReadAction","target":["https:\/\/laines-aux-bois.fr\/?page_id=749"]}]},{"@type":"BreadcrumbList","@id":"https:\/\/laines-aux-bois.fr\/?page_id=749#breadcrumb","itemListElement":[{"@type":"ListItem","position":1,"name":"Accueil","item":"https:\/\/laines-aux-bois.fr\/"},{"@type":"ListItem","position":2,"name":"Sapeurs Pompiers"}]},{"@type":"WebSite","@id":"https:\/\/laines-aux-bois.fr\/#website","url":"https:\/\/laines-aux-bois.fr\/","name":"Laines-aux-Bois","description":"Site officiel de la commune","publisher":{"@id":"https:\/\/laines-aux-bois.fr\/#organization"},"potentialAction":[{"@type":"SearchAction","target":{"@type":"EntryPoint","urlTemplate":"https:\/\/laines-aux-bois.fr\/?s={search_term_string}"},"query-input":{"@type":"PropertyValueSpecification","valueRequired":true,"valueName":"search_term_string"}}],"inLanguage":"fr-FR"},{"@type":"Organization","@id":"https:\/\/laines-aux-bois.fr\/#organization","name":"Mairie de Laines-aux-Bois","url":"https:\/\/laines-aux-bois.fr\/","logo":{"@type":"ImageObject","inLanguage":"fr-FR","@id":"https:\/\/laines-aux-bois.fr\/#\/schema\/logo\/image\/","url":"https:\/\/laines-aux-bois.fr\/wp-content\/uploads\/2021\/03\/Logo_Laines-aux-Bois-scaled-e1619425296534.jpg","contentUrl":"https:\/\/laines-aux-bois.fr\/wp-content\/uploads\/2021\/03\/Logo_Laines-aux-Bois-scaled-e1619425296534.jpg","width":710,"height":512,"caption":"Mairie de Laines-aux-Bois"},"image":{"@id":"https:\/\/laines-aux-bois.fr\/#\/schema\/logo\/image\/"},"sameAs":["https:\/\/www.facebook.com\/Mairie-de-Laines-aux-Bois-113150383645438"]}]}},"_links":{"self":[{"href":"https:\/\/laines-aux-bois.fr\/index.php?rest_route=\/wp\/v2\/pages\/749"}],"collection":[{"href":"https:\/\/laines-aux-bois.fr\/index.php?rest_route=\/wp\/v2\/pages"}],"about":[{"href":"https:\/\/laines-aux-bois.fr\/index.php?rest_route=\/wp\/v2\/types\/page"}],"author":[{"embeddable":true,"href":"https:\/\/laines-aux-bois.fr\/index.php?rest_route=\/wp\/v2\/users\/1"}],"replies":[{"embeddable":true,"href":"https:\/\/laines-aux-bois.fr\/index.php?rest_route=%2Fwp%2Fv2%2Fcomments&post=749"}],"version-history":[{"count":17,"href":"https:\/\/laines-aux-bois.fr\/index.php?rest_route=\/wp\/v2\/pages\/749\/revisions"}],"predecessor-version":[{"id":2343,"href":"https:\/\/laines-aux-bois.fr\/index.php?rest_route=\/wp\/v2\/pages\/749\/revisions\/2343"}],"wp:attachment":[{"href":"https:\/\/laines-aux-bois.fr\/index.php?rest_route=%2Fwp%2Fv2%2Fmedia&parent=749"}],"curies":[{"name":"wp","href":"https:\/\/api.w.org\/{rel}","templated":true}]}}